{"id":478,"date":"2016-07-03T11:22:25","date_gmt":"2016-07-03T09:22:25","guid":{"rendered":"http:\/\/www.neoaxess.com\/en\/?page_id=478"},"modified":"2018-08-14T10:45:11","modified_gmt":"2018-08-14T08:45:11","slug":"neoaxess-contact","status":"publish","type":"page","link":"https:\/\/www.neoaxess.com\/en\/neoaxess-contact\/","title":{"rendered":"Contact"},"content":{"rendered":"<div class=\"col-md-8\">\n<h2 style=\"color: #2b346e;\">Send us a message<\/h2>\n\n<div class=\"wpcf7 no-js\" id=\"wpcf7-f482-o1\" lang=\"fr-FR\" dir=\"ltr\" data-wpcf7-id=\"482\">\n<div class=\"screen-reader-response\"><p role=\"status\" aria-live=\"polite\" aria-atomic=\"true\"><\/p> <ul><\/ul><\/div>\n<form action=\"\/en\/wp-json\/wp\/v2\/pages\/478\/#wpcf7-f482-o1\" method=\"post\" class=\"wpcf7-form init\" aria-label=\"Formulaire de contact\" novalidate=\"novalidate\" data-status=\"init\">\n<fieldset class=\"hidden-fields-container\"><input type=\"hidden\" name=\"_wpcf7\" value=\"482\" \/><input type=\"hidden\" name=\"_wpcf7_version\" value=\"6.1.1\" \/><input type=\"hidden\" name=\"_wpcf7_locale\" value=\"fr_FR\" \/><input type=\"hidden\" name=\"_wpcf7_unit_tag\" value=\"wpcf7-f482-o1\" \/><input type=\"hidden\" name=\"_wpcf7_container_post\" value=\"0\" \/><input type=\"hidden\" name=\"_wpcf7_posted_data_hash\" value=\"\" \/><input type=\"hidden\" name=\"_wpcf7_recaptcha_response\" value=\"\" \/>\n<\/fieldset>\n<div>\n\t<div class=\"col-md-6 field\">\n\t\t<p><span class=\"wpcf7-form-control-wrap\" data-name=\"your-name\"><input size=\"40\" maxlength=\"400\" class=\"wpcf7-form-control wpcf7-text wpcf7-validates-as-required\" aria-required=\"true\" aria-invalid=\"false\" placeholder=\"Last and First name*\" value=\"\" type=\"text\" name=\"your-name\" \/><\/span>\n\t\t<\/p>\n\t<\/div>\n\t<div class=\"col-md-6 field\">\n\t\t<p><span class=\"wpcf7-form-control-wrap\" data-name=\"your-society\"><input size=\"40\" maxlength=\"400\" class=\"wpcf7-form-control wpcf7-text wpcf7-validates-as-required\" aria-required=\"true\" aria-invalid=\"false\" placeholder=\"Company*\" value=\"\" type=\"text\" name=\"your-society\" \/><\/span>\n\t\t<\/p>\n\t<\/div>\n<\/div>\n<div>\n\t<div class=\"col-md-6 field\">\n\t\t<p><span class=\"wpcf7-form-control-wrap\" data-name=\"your-email\"><input size=\"40\" maxlength=\"400\" class=\"wpcf7-form-control wpcf7-email wpcf7-validates-as-required wpcf7-text wpcf7-validates-as-email\" aria-required=\"true\" aria-invalid=\"false\" placeholder=\"Email*\" value=\"\" type=\"email\" name=\"your-email\" \/><\/span>\n\t\t<\/p>\n\t<\/div>\n\t<div class=\"col-md-6 field\">\n\t\t<p><span class=\"wpcf7-form-control-wrap\" data-name=\"your-phone\"><input size=\"40\" maxlength=\"400\" class=\"wpcf7-form-control wpcf7-text wpcf7-validates-as-required\" aria-required=\"true\" aria-invalid=\"false\" placeholder=\"Phone*\" value=\"\" type=\"text\" name=\"your-phone\" \/><\/span>\n\t\t<\/p>\n\t<\/div>\n<\/div>\n<div>\n\t<div class=\"col-md-12 field\">\n\t\t<p><span class=\"wpcf7-form-control-wrap\" data-name=\"your-subject\"><input size=\"40\" maxlength=\"400\" class=\"wpcf7-form-control wpcf7-text wpcf7-validates-as-required\" aria-required=\"true\" aria-invalid=\"false\" placeholder=\"Subject*\" value=\"\" type=\"text\" name=\"your-subject\" \/><\/span>\n\t\t<\/p>\n\t<\/div>\n<\/div>\n<div>\n\t<div class=\"col-md-12 field\">\n\t\t<p><span class=\"wpcf7-form-control-wrap\" data-name=\"your-message\"><textarea cols=\"40\" rows=\"10\" maxlength=\"2000\" class=\"wpcf7-form-control wpcf7-textarea wpcf7-validates-as-required\" aria-required=\"true\" aria-invalid=\"false\" placeholder=\"Message*\" name=\"your-message\"><\/textarea><\/span>\n\t\t<\/p>\n\t<\/div>\n<\/div>\n<div class=\"submit-wrap\">\n\t<p><input class=\"wpcf7-form-control wpcf7-submit has-spinner btn btn-primary\" type=\"submit\" value=\"Send\" \/>\n\t<\/p>\n<\/div>\n<div>\n\t<p>* Required fields\n\t<\/p>\n<\/div><div class=\"inv-recaptcha-holder\"><\/div><div class=\"wpcf7-response-output\" aria-hidden=\"true\"><\/div>\n<\/form>\n<\/div>\n\n<hr \/>\n<p><span style=\"font-size: 10pt;\"><em>The information collected is exclusively for Neoaxess, it is confidential and kept by Neoaxess. According to law &#8220;and Freedoms&#8221; n \u00b0 78-17 of 6 January 1978, you have a right to access and correct these data and the right to object to this data make the &#8216;subject to treatment by contacting us by email or by post to the attention of the IT Service.<\/em><\/span><\/p>\n<\/div>\n<div class=\"col-md-4\">\n<h2 style=\"color: #2b346e;\">Meet us<\/h2>\n<div style=\"text-align: center;\"><i class=\"fa fa-clock-o fa-3x\"><\/i><br \/>\nOffices open from 9am to 18pm<br \/>\nfrom Monday to Friday.<\/div>\n<hr \/>\n<div style=\"text-align: center;\"><strong>North Region &amp; Headquarters<\/strong><br \/>\n15, rue du G\u00e9n\u00e9ral N\u00e9grier<br \/>\n78800 Houilles &#8211; France<br \/>\nPhone: +33 (0)1 39 15 98 98<br \/>\n<a title=\"Neoaxess Si\u00e8ge\" href=\"https:\/\/www.google.fr\/maps\/place\/Neoaxess+Intelligent+Systems\/@48.934736,2.180137,15z\/data=!4m5!3m4!1s0x0:0x26e4e3f3dab33da4!8m2!3d48.934736!4d2.180137?sa=X&amp;sqi=2&amp;ved=0ahUKEwiWns6FnfXOAhWIVxoKHV-DBL4Q_BIIYzAK\" target=\"_blank\" rel=\"noopener noreferrer\"><img decoding=\"async\" class=\"image-map alignnone\" src=\"\/wp-content\/uploads\/2016\/07\/map-with-pin2-.png\" alt=\"Neoaxess Houilles\" \/><\/a><\/div>\n<hr \/>\n<div style=\"text-align: center;\"><strong>Center Region<\/strong><br \/>\n27 rue Maurice Flandin<br \/>\n69003 Lyon &#8211; France<br \/>\nT\u00e9l. : +33 (0)4 72 68 17 13<br \/>\n<a title=\"Neoaxess Lyon\" href=\"https:\/\/www.google.fr\/maps\/place\/27+Rue+Maurice+Flandin,+69003+Lyon\/@45.7603114,4.8613299,17z&quot;\" target=\"_blank\" rel=\"noopener noreferrer\"><img decoding=\"async\" class=\"image-map alignnone\" src=\"\/wp-content\/uploads\/2016\/07\/map-with-pin2-.png\" alt=\"Neoaxess Centre\" \/><\/a><\/div>\n<hr \/>\n<div style=\"text-align: center;\"><strong>South Region<\/strong><br \/>\n650, route du Bord de Mer<br \/>\n06700 Saint-Laurent-du-Var &#8211; France<br \/>\nT\u00e9l. : +33 (0)4 93 73 36 07<br \/>\n<a title=\"Neoaxess R\u00e9gion Sud\" href=\"https:\/\/www.google.fr\/maps\/place\/650+Route+du+Bord+de+Mer,+06700+Saint-Laurent-du-Var\/@43.6607386,7.1900232,17z\/data=!3m1!4b1!4m5!3m4!1s0x12cdd1682c1493f7:0x2d534cf3d9dbab37!8m2!3d43.6607386!4d7.1922119\" target=\"_blank\" rel=\"noopener noreferrer\"><img decoding=\"async\" class=\"image-map alignnone\" src=\"\/wp-content\/uploads\/2016\/07\/map-with-pin2-.png\" alt=\"Neoaxess Saint-Laurent-du-Var\" width=\"53\" height=\"45\" \/><\/a><\/div>\n<hr \/>\n<div style=\"text-align: center;\"><a class=\"button\" title=\"Visit the Support Neoaxess\" href=\"support\/\"><i class=\"fa fa-life-ring fa-lg\"><\/i> Neoaxess Support<\/a><\/div>\n<\/div>\n","protected":false},"excerpt":{"rendered":"<p>Send us a message The information collected is exclusively for Neoaxess, it is confidential and kept by Neoaxess. According to law &#8220;and Freedoms&#8221; n \u00b0 78-17 of 6 January 1978, you have a right to access and correct these data and the right to object to this data make the &#8216;subject to treatment by contacting [&hellip;]<\/p>\n","protected":false},"author":2,"featured_media":0,"parent":0,"menu_order":0,"comment_status":"closed","ping_status":"closed","template":"","meta":{"footnotes":""},"class_list":["post-478","page","type-page","status-publish","hentry"],"_links":{"self":[{"href":"https:\/\/www.neoaxess.com\/en\/wp-json\/wp\/v2\/pages\/478\/"}],"collection":[{"href":"https:\/\/www.neoaxess.com\/en\/wp-json\/wp\/v2\/pages\/"}],"about":[{"href":"https:\/\/www.neoaxess.com\/en\/wp-json\/wp\/v2\/types\/page\/"}],"author":[{"embeddable":true,"href":"https:\/\/www.neoaxess.com\/en\/wp-json\/wp\/v2\/users\/2\/"}],"replies":[{"embeddable":true,"href":"https:\/\/www.neoaxess.com\/en\/wp-json\/wp\/v2\/comments\/?post=478"}],"version-history":[{"count":0,"href":"https:\/\/www.neoaxess.com\/en\/wp-json\/wp\/v2\/pages\/478\/revisions\/"}],"wp:attachment":[{"href":"https:\/\/www.neoaxess.com\/en\/wp-json\/wp\/v2\/media\/?parent=478"}],"curies":[{"name":"wp","href":"https:\/\/api.w.org\/{rel}","templated":true}]}}