{"id":485,"date":"2016-07-03T13:49:43","date_gmt":"2016-07-03T11:49:43","guid":{"rendered":"http:\/\/www.neoaxess.com\/en\/?page_id=485"},"modified":"2016-09-13T10:23:48","modified_gmt":"2016-09-13T08:23:48","slug":"personal-data","status":"publish","type":"page","link":"https:\/\/www.neoaxess.com\/en\/personal-data\/","title":{"rendered":"Personal data"},"content":{"rendered":"<p>At Neoaxess, we recognize the importance of the confidentiality of personal information!<\/p>\n<p>This document aims to define, firstly, the various types of personal information transmitted to us when you use our services, and also some of the measures we take to protect the data. We hope this will help you make an informed decision the decision to release it or not.<\/p>\n<hr \/>\n<h3>Object<\/h3>\n<p>This document is our written commitment that details the privacy practices applicable in the context of the use of products, services and websites worldwide Neoaxess (hereinafter collectively, the &#8220;Services&#8221; Neoaxess).<\/p>\n<hr \/>\n<h3>Personal information and other data collected<\/h3>\n<p>Neoaxess collects personal information when you register a Neoaxess service or when you provide this information on your own. They can also be combined with information from other Neoaxess services or third parties in order to make the use more pleasant and, where appropriate, to offer personalized content.<br \/>\nNeoaxess uses cookies and other technologies to facilitate your use of Neoaxess services to study the use made of it and more generally to improve our services.<br \/>\nWhenever you visit our website or ask our services, server Neoaxess automatically record information such as the URL, IP address, type, browser language, and the date and time of connection.<br \/>\nIn no event a correlation is made between these cookies and the personal information that could hold Neoaxess.<\/p>\n<hr \/>\n<h3>Uses<\/h3>\n<p>Les informations personnelles communiqu\u00e9es peuvent \u00eatre utilis\u00e9es afin de fournir les services demand\u00e9s, y compris ceux qui entra\u00eenent l&#8217;affichage de contenus personnalis\u00e9s.<br \/>\nLes informations personnelles peuvent \u00e9galement \u00eatre utilis\u00e9es \u00e0 des fins d\u2019audit, de recherches et d&#8217;analyse, afin d\u2019assurer le bon fonctionnement et la qualit\u00e9 des technologies et des services Neoaxess.<br \/>\nNous sommes susceptibles de partager des informations non personnelles sous forme collective avec des tiers.<br \/>\nLorsque nous avons recours \u00e0 des tiers pour le traitement de vos informations personnelles, nous veillons \u00e0 ce qu&#8217;ils respectent notre Engagement de Confidentialit\u00e9 ainsi que toutes mesures de confidentialit\u00e9 et de s\u00e9curit\u00e9 appropri\u00e9es.<br \/>\nNous pourrions \u00e9galement communiquer des informations \u00e0 des tiers dans des circonstances pr\u00e9cises, notamment \u00e0 la requ\u00eate d&#8217;une autorit\u00e9 publique, \u00e0 des fins de pr\u00e9vention des fraudes ou des dommages imminents, ou encore afin d\u2019assurer la s\u00e9curit\u00e9 de notre r\u00e9seau et de nos services.<br \/>\nLes informations personnelles sont trait\u00e9es sur les serveurs de Neoaxess, en France et dans d\u2019autres pays. Dans certains cas, vos donn\u00e9es personnelles peuvent \u00eatre trait\u00e9es sur des serveurs situ\u00e9s hors de votre pays de r\u00e9sidence.<\/p>\n<hr \/>\n<h3>Freedom of choice<\/h3>\n<p>The personal information can be used to provide the requested services, including those that result in the display of customized content.<br \/>\nPersonal information may also be used for auditing, research and analysis to ensure the proper functioning and quality of technologies and services Neoaxess.<br \/>\nWe may share non-personal information with third form.<br \/>\nWhen we use third parties to treat your personal information, we make sure they comply with our Privacy Commitment and all measures appropriate confidentiality and security.<br \/>\nWe may also disclose information to third parties in limited circumstances, including at the request of a public authority for the purpose of preventing fraud or imminent harm, or to ensure the security of our network and our services.<br \/>\nPersonal information is processed on Neoaxess servers, France and other countries. In some cases, your personal data may be processed on servers located outside your country of residence.<\/p>\n<hr \/>\n<h3>For more information<\/h3>\n<p>According to law &#8220;and Freedoms&#8221; of 6 January 1978, you have a right to access and correct the data. For this, we simply make the request online, indicating your name and address.<\/p>\n<p>CNIL: Neoaxess is registered under the registration number 1413911 of 21\/02\/2010.<\/p>\n<p>For more information on specific services Neoaxess or our privacy practices, <a href=\"http:\/\/www.neoaxess.com\/en\/neoaxess-contact\/\">please contact us using the Contact form Site<\/a>.<\/p>\n","protected":false},"excerpt":{"rendered":"<p>At Neoaxess, we recognize the importance of the confidentiality of personal information! This document aims to define, firstly, the various types of personal information transmitted to us when you use our services, and also some of the measures we take to protect the data. We hope this will help you make an informed decision the [&hellip;]<\/p>\n","protected":false},"author":2,"featured_media":0,"parent":0,"menu_order":0,"comment_status":"closed","ping_status":"closed","template":"","meta":{"footnotes":""},"class_list":["post-485","page","type-page","status-publish","hentry"],"_links":{"self":[{"href":"https:\/\/www.neoaxess.com\/en\/wp-json\/wp\/v2\/pages\/485\/"}],"collection":[{"href":"https:\/\/www.neoaxess.com\/en\/wp-json\/wp\/v2\/pages\/"}],"about":[{"href":"https:\/\/www.neoaxess.com\/en\/wp-json\/wp\/v2\/types\/page\/"}],"author":[{"embeddable":true,"href":"https:\/\/www.neoaxess.com\/en\/wp-json\/wp\/v2\/users\/2\/"}],"replies":[{"embeddable":true,"href":"https:\/\/www.neoaxess.com\/en\/wp-json\/wp\/v2\/comments\/?post=485"}],"version-history":[{"count":0,"href":"https:\/\/www.neoaxess.com\/en\/wp-json\/wp\/v2\/pages\/485\/revisions\/"}],"wp:attachment":[{"href":"https:\/\/www.neoaxess.com\/en\/wp-json\/wp\/v2\/media\/?parent=485"}],"curies":[{"name":"wp","href":"https:\/\/api.w.org\/{rel}","templated":true}]}}